{"id":30,"date":"2022-07-16T16:20:11","date_gmt":"2022-07-16T16:20:11","guid":{"rendered":"\/\/localhost:8000\/?page_id=30"},"modified":"2022-08-05T23:37:00","modified_gmt":"2022-08-05T22:37:00","slug":"actividades","status":"publish","type":"page","link":"https:\/\/www.ocubertoderoberta.com\/?page_id=30","title":{"rendered":"Actividades"},"content":{"rendered":"\n<p>Ir a la playa, visitar la cascada del \u00c9zaro, salidas en bici, rutas de monta\u00f1a, actividades acu\u00e1ticas&#8230;.<\/p>\n\n\n\n<p>&#8230; o disfrutar de las fant\u00e1sticas puestas de sol, son algunas de las muchas actividades que podr\u00e1s realizar!<\/p>\n\n\n\n<figure class=\"wp-block-gallery has-nested-images columns-default is-cropped wp-block-gallery-1 is-layout-flex\">\n<figure class=\"wp-block-image size-large\"><img decoding=\"async\" loading=\"lazy\" width=\"819\" height=\"1024\" data-id=\"93\"  src=\"\/\/192.168.1.100:8000\/wp-content\/uploads\/2022\/08\/282095991_428365755293085_4076508228129042259_n-819x1024.jpg\" alt=\"\" class=\"wp-image-93\" srcset=\"https:\/\/www.ocubertoderoberta.com\/wp-content\/uploads\/2022\/08\/282095991_428365755293085_4076508228129042259_n-819x1024.jpg 819w, https:\/\/www.ocubertoderoberta.com\/wp-content\/uploads\/2022\/08\/282095991_428365755293085_4076508228129042259_n-240x300.jpg 240w, https:\/\/www.ocubertoderoberta.com\/wp-content\/uploads\/2022\/08\/282095991_428365755293085_4076508228129042259_n-768x960.jpg 768w, https:\/\/www.ocubertoderoberta.com\/wp-content\/uploads\/2022\/08\/282095991_428365755293085_4076508228129042259_n.jpg 1080w\" sizes=\"(max-width: 819px) 100vw, 819px\" \/><\/figure>\n\n\n\n<figure class=\"wp-block-image size-large\"><img decoding=\"async\" loading=\"lazy\" width=\"1080\" height=\"1346\" data-id=\"135\"  src=\"\/\/192.168.1.100:8000\/wp-content\/uploads\/2022\/08\/280988826_534021261572789_7822359608237049259_n.jpg\" alt=\"\" class=\"wp-image-135\" srcset=\"https:\/\/www.ocubertoderoberta.com\/wp-content\/uploads\/2022\/08\/280988826_534021261572789_7822359608237049259_n.jpg 1080w, https:\/\/www.ocubertoderoberta.com\/wp-content\/uploads\/2022\/08\/280988826_534021261572789_7822359608237049259_n-241x300.jpg 241w, https:\/\/www.ocubertoderoberta.com\/wp-content\/uploads\/2022\/08\/280988826_534021261572789_7822359608237049259_n-822x1024.jpg 822w, https:\/\/www.ocubertoderoberta.com\/wp-content\/uploads\/2022\/08\/280988826_534021261572789_7822359608237049259_n-768x957.jpg 768w\" sizes=\"(max-width: 1080px) 100vw, 1080px\" \/><\/figure>\n<\/figure>\n\n\n\n<figure class=\"wp-block-gallery has-nested-images columns-default is-cropped wp-block-gallery-3 is-layout-flex\">\n<figure class=\"wp-block-image size-large\"><img decoding=\"async\" loading=\"lazy\" width=\"1080\" height=\"810\" data-id=\"130\"  src=\"\/\/192.168.1.100:8000\/wp-content\/uploads\/2022\/08\/283681803_379743777547124_2340317300293015320_n.jpg\" alt=\"\" class=\"wp-image-130\" srcset=\"https:\/\/www.ocubertoderoberta.com\/wp-content\/uploads\/2022\/08\/283681803_379743777547124_2340317300293015320_n.jpg 1080w, https:\/\/www.ocubertoderoberta.com\/wp-content\/uploads\/2022\/08\/283681803_379743777547124_2340317300293015320_n-300x225.jpg 300w, https:\/\/www.ocubertoderoberta.com\/wp-content\/uploads\/2022\/08\/283681803_379743777547124_2340317300293015320_n-1024x768.jpg 1024w, https:\/\/www.ocubertoderoberta.com\/wp-content\/uploads\/2022\/08\/283681803_379743777547124_2340317300293015320_n-768x576.jpg 768w\" sizes=\"(max-width: 1080px) 100vw, 1080px\" \/><\/figure>\n\n\n\n<figure class=\"wp-block-image size-large\"><img decoding=\"async\" loading=\"lazy\" width=\"1080\" height=\"1346\" data-id=\"134\"  src=\"\/\/192.168.1.100:8000\/wp-content\/uploads\/2022\/08\/281592424_186423377049910_6560926398557997328_n.jpg\" alt=\"\" class=\"wp-image-134\" srcset=\"https:\/\/www.ocubertoderoberta.com\/wp-content\/uploads\/2022\/08\/281592424_186423377049910_6560926398557997328_n.jpg 1080w, https:\/\/www.ocubertoderoberta.com\/wp-content\/uploads\/2022\/08\/281592424_186423377049910_6560926398557997328_n-241x300.jpg 241w, https:\/\/www.ocubertoderoberta.com\/wp-content\/uploads\/2022\/08\/281592424_186423377049910_6560926398557997328_n-822x1024.jpg 822w, https:\/\/www.ocubertoderoberta.com\/wp-content\/uploads\/2022\/08\/281592424_186423377049910_6560926398557997328_n-768x957.jpg 768w\" sizes=\"(max-width: 1080px) 100vw, 1080px\" \/><\/figure>\n<\/figure>\n\n\n\n<figure class=\"wp-block-gallery has-nested-images columns-default is-cropped wp-block-gallery-5 is-layout-flex\">\n<figure class=\"wp-block-image size-large\"><img decoding=\"async\" loading=\"lazy\" width=\"1080\" height=\"810\" data-id=\"120\"  src=\"\/\/192.168.1.100:8000\/wp-content\/uploads\/2022\/08\/285875587_549206243579886_4887898288755696322_n.jpg\" alt=\"\" class=\"wp-image-120\" srcset=\"https:\/\/www.ocubertoderoberta.com\/wp-content\/uploads\/2022\/08\/285875587_549206243579886_4887898288755696322_n.jpg 1080w, https:\/\/www.ocubertoderoberta.com\/wp-content\/uploads\/2022\/08\/285875587_549206243579886_4887898288755696322_n-300x225.jpg 300w, https:\/\/www.ocubertoderoberta.com\/wp-content\/uploads\/2022\/08\/285875587_549206243579886_4887898288755696322_n-1024x768.jpg 1024w, https:\/\/www.ocubertoderoberta.com\/wp-content\/uploads\/2022\/08\/285875587_549206243579886_4887898288755696322_n-768x576.jpg 768w\" sizes=\"(max-width: 1080px) 100vw, 1080px\" \/><\/figure>\n\n\n\n<figure class=\"wp-block-image size-large\"><img decoding=\"async\" loading=\"lazy\" width=\"1024\" height=\"768\" data-id=\"118\"  src=\"\/\/192.168.1.100:8000\/wp-content\/uploads\/2022\/08\/283198164_425650078973073_1434497552874457886_n-1024x768.jpg\" alt=\"\" class=\"wp-image-118\" srcset=\"https:\/\/www.ocubertoderoberta.com\/wp-content\/uploads\/2022\/08\/283198164_425650078973073_1434497552874457886_n-1024x768.jpg 1024w, https:\/\/www.ocubertoderoberta.com\/wp-content\/uploads\/2022\/08\/283198164_425650078973073_1434497552874457886_n-300x225.jpg 300w, https:\/\/www.ocubertoderoberta.com\/wp-content\/uploads\/2022\/08\/283198164_425650078973073_1434497552874457886_n-768x576.jpg 768w, https:\/\/www.ocubertoderoberta.com\/wp-content\/uploads\/2022\/08\/283198164_425650078973073_1434497552874457886_n.jpg 1080w\" sizes=\"(max-width: 1024px) 100vw, 1024px\" \/><\/figure>\n<\/figure>\n\n\n\n<figure class=\"wp-block-image size-large\"><img decoding=\"async\" loading=\"lazy\" width=\"1024\" height=\"768\" src=\"\/\/192.168.1.100:8000\/wp-content\/uploads\/2022\/08\/290935547_178551097952883_4550993568530376215_n-1-1024x768.jpg\" alt=\"\" class=\"wp-image-122\" srcset=\"https:\/\/www.ocubertoderoberta.com\/wp-content\/uploads\/2022\/08\/290935547_178551097952883_4550993568530376215_n-1-1024x768.jpg 1024w, https:\/\/www.ocubertoderoberta.com\/wp-content\/uploads\/2022\/08\/290935547_178551097952883_4550993568530376215_n-1-300x225.jpg 300w, https:\/\/www.ocubertoderoberta.com\/wp-content\/uploads\/2022\/08\/290935547_178551097952883_4550993568530376215_n-1-768x576.jpg 768w, https:\/\/www.ocubertoderoberta.com\/wp-content\/uploads\/2022\/08\/290935547_178551097952883_4550993568530376215_n-1.jpg 1080w\" sizes=\"(max-width: 1024px) 100vw, 1024px\" \/><\/figure>\n\n\n\n<div class=\"wp-block-columns is-layout-flex wp-container-9\">\n<div class=\"wp-block-column is-layout-flow\">\n<figure class=\"wp-block-embed is-type-video is-provider-vimeo wp-block-embed-vimeo wp-embed-aspect-9-16 wp-has-aspect-ratio\"><div class=\"wp-block-embed__wrapper\">\n<iframe loading=\"lazy\" title=\"ocuberto4\" src=\"https:\/\/player.vimeo.com\/video\/737008804?h=fdccb87e64&amp;dnt=1&amp;app_id=122963\" width=\"563\" height=\"1000\" frameborder=\"0\" allow=\"autoplay; fullscreen; picture-in-picture\" allowfullscreen><\/iframe>\n<\/div><\/figure>\n<\/div>\n\n\n\n<div class=\"wp-block-column is-layout-flow\"><\/div>\n<\/div>\n","protected":false},"excerpt":{"rendered":"<p>Ir a la playa, visitar la cascada del \u00c9zaro, salidas en bici, rutas de monta\u00f1a, actividades acu\u00e1ticas&#8230;. &#8230; o disfrutar de las fant\u00e1sticas puestas de sol, son algunas de las muchas actividades que podr\u00e1s realizar!<\/p>\n","protected":false},"author":1,"featured_media":138,"parent":0,"menu_order":0,"comment_status":"closed","ping_status":"closed","template":"","meta":{"_monsterinsights_skip_tracking":false,"_monsterinsights_sitenote_active":false,"_monsterinsights_sitenote_note":"","_monsterinsights_sitenote_category":0},"_links":{"self":[{"href":"https:\/\/www.ocubertoderoberta.com\/index.php?rest_route=\/wp\/v2\/pages\/30"}],"collection":[{"href":"https:\/\/www.ocubertoderoberta.com\/index.php?rest_route=\/wp\/v2\/pages"}],"about":[{"href":"https:\/\/www.ocubertoderoberta.com\/index.php?rest_route=\/wp\/v2\/types\/page"}],"author":[{"embeddable":true,"href":"https:\/\/www.ocubertoderoberta.com\/index.php?rest_route=\/wp\/v2\/users\/1"}],"replies":[{"embeddable":true,"href":"https:\/\/www.ocubertoderoberta.com\/index.php?rest_route=%2Fwp%2Fv2%2Fcomments&post=30"}],"version-history":[{"count":4,"href":"https:\/\/www.ocubertoderoberta.com\/index.php?rest_route=\/wp\/v2\/pages\/30\/revisions"}],"predecessor-version":[{"id":144,"href":"https:\/\/www.ocubertoderoberta.com\/index.php?rest_route=\/wp\/v2\/pages\/30\/revisions\/144"}],"wp:featuredmedia":[{"embeddable":true,"href":"https:\/\/www.ocubertoderoberta.com\/index.php?rest_route=\/wp\/v2\/media\/138"}],"wp:attachment":[{"href":"https:\/\/www.ocubertoderoberta.com\/index.php?rest_route=%2Fwp%2Fv2%2Fmedia&parent=30"}],"curies":[{"name":"wp","href":"https:\/\/api.w.org\/{rel}","templated":true}]}}