{"id":7,"date":"2022-07-16T15:50:27","date_gmt":"2022-07-16T15:50:27","guid":{"rendered":"\/\/localhost:8000\/?page_id=7"},"modified":"2025-02-24T13:36:38","modified_gmt":"2025-02-24T12:36:38","slug":"hermosos-portafolios-para-creativos-excepcionales","status":"publish","type":"page","link":"https:\/\/www.ocubertoderoberta.com\/","title":{"rendered":"Disfruta de nuestras vistas al mar y nuestra fant\u00e1stica ubicaci\u00f3n"},"content":{"rendered":"\n<p class=\"has-text-align-center\"><meta charset=\"utf-8\">Podr\u00e1s recorrer el pueblo de O Pindo, muy acogedor y lleno de fant\u00e1sticas playas y rincones. A apenas un par de kil\u00f3metros de O \u00c9zaro, donde podr\u00e1s acceder a su cascada o a su fant\u00e1stica playa &#8230;<\/p>\n\n\n\n<div style=\"height:55px\" aria-hidden=\"true\" class=\"wp-block-spacer\"><\/div>\n\n\n\n<div class=\"wp-block-group alignfull has-background is-layout-flow\" style=\"background-color:#e5e9ec\"><div class=\"wp-block-group__inner-container\">\n<div class=\"wp-block-columns is-layout-flex wp-container-4\">\n<div class=\"wp-block-column is-vertically-aligned-center is-layout-flow\">\n<div class=\"wp-block-buttons is-horizontal is-content-justification-left is-layout-flex wp-container-1\">\n<div class=\"wp-block-button is-style-outline\"><a class=\"wp-block-button__link wp-element-button\" href=\"\/\/www.ocubertoderoberta.com\/?page_id=8\">Apartamentos<\/a><\/div>\n<\/div>\n\n\n\n<p><\/p>\n\n\n\n<p><\/p>\n\n\n\n<p><br>Explora nuestros apartamentos con sus fant\u00e1sticas vistas y ubicaci\u00f3n y con todos los servicios que necesitas<\/p>\n\n\n\n<p><\/p>\n<\/div>\n\n\n\n<div class=\"wp-block-column is-layout-flow\">\n<div style=\"height:48px\" aria-hidden=\"true\" class=\"wp-block-spacer\"><\/div>\n\n\n\n<figure class=\"wp-block-image size-large\"><img decoding=\"async\" loading=\"lazy\" width=\"1024\" height=\"768\" src=\"\/\/localhost:8000\/wp-content\/uploads\/2022\/07\/352608074-1024x768.jpg\" alt=\"\" class=\"wp-image-38\" srcset=\"https:\/\/www.ocubertoderoberta.com\/wp-content\/uploads\/2022\/07\/352608074-1024x768.jpg 1024w, https:\/\/www.ocubertoderoberta.com\/wp-content\/uploads\/2022\/07\/352608074-300x225.jpg 300w, https:\/\/www.ocubertoderoberta.com\/wp-content\/uploads\/2022\/07\/352608074-768x576.jpg 768w, https:\/\/www.ocubertoderoberta.com\/wp-content\/uploads\/2022\/07\/352608074.jpg 1200w\" sizes=\"(max-width: 1024px) 100vw, 1024px\" \/><\/figure>\n<\/div>\n<\/div>\n<\/div><\/div>\n\n\n\n<div class=\"wp-block-group alignfull is-layout-flow\"><div class=\"wp-block-group__inner-container\">\n<div class=\"wp-block-columns are-vertically-aligned-center is-layout-flex wp-container-9\">\n<div class=\"wp-block-column is-vertically-aligned-center is-layout-flow\">\n<div style=\"height:48px\" aria-hidden=\"true\" class=\"wp-block-spacer\"><\/div>\n\n\n\n<figure class=\"wp-block-image size-large\"><img decoding=\"async\" loading=\"lazy\" width=\"1024\" height=\"768\" src=\"\/\/localhost:8000\/wp-content\/uploads\/2022\/07\/352610668-1024x768.jpg\" alt=\"\" class=\"wp-image-39\" srcset=\"https:\/\/www.ocubertoderoberta.com\/wp-content\/uploads\/2022\/07\/352610668-1024x768.jpg 1024w, https:\/\/www.ocubertoderoberta.com\/wp-content\/uploads\/2022\/07\/352610668-300x225.jpg 300w, https:\/\/www.ocubertoderoberta.com\/wp-content\/uploads\/2022\/07\/352610668-768x576.jpg 768w, https:\/\/www.ocubertoderoberta.com\/wp-content\/uploads\/2022\/07\/352610668.jpg 1200w\" sizes=\"(max-width: 1024px) 100vw, 1024px\" \/><\/figure>\n<\/div>\n\n\n\n<div class=\"wp-block-column is-vertically-aligned-center is-layout-flow\">\n<div class=\"wp-block-buttons is-layout-flex\">\n<div class=\"wp-block-button is-style-outline\"><a class=\"wp-block-button__link wp-element-button\" href=\"\/\/www.ocubertoderoberta.com\/?page_id=79\">Entorno<\/a><\/div>\n<\/div>\n\n\n\n<p><\/p>\n\n\n\n<p><br>Disfruta de todo lo que podr\u00e1s ver y visitar desde nuestros apartamentos.<\/p>\n<\/div>\n<\/div>\n<\/div><\/div>\n\n\n\n<div class=\"wp-block-group alignfull has-background is-layout-flow\" style=\"background-color:#e5e9ec\"><div class=\"wp-block-group__inner-container\">\n<div class=\"wp-block-columns is-layout-flex wp-container-14\">\n<div class=\"wp-block-column is-vertically-aligned-center is-layout-flow\">\n<div class=\"wp-block-buttons is-horizontal is-content-justification-left is-layout-flex wp-container-11\">\n<div class=\"wp-block-button is-style-outline\"><a class=\"wp-block-button__link wp-element-button\" href=\"\/\/www.ocubertoderoberta.com\/?page_id=30\">Actividades<\/a><\/div>\n<\/div>\n\n\n\n<p><\/p>\n\n\n\n<p><br>Descubre todas las actividades que podr\u00e1s realizar desde nuestros apartamentos.<\/p>\n\n\n\n<p><\/p>\n<\/div>\n\n\n\n<div class=\"wp-block-column is-layout-flow\">\n<div style=\"height:48px\" aria-hidden=\"true\" class=\"wp-block-spacer\"><\/div>\n\n\n\n<figure class=\"wp-block-image size-large\"><img decoding=\"async\" loading=\"lazy\" width=\"819\" height=\"1024\" src=\"\/\/192.168.1.100:8000\/wp-content\/uploads\/2022\/08\/282095991_428365755293085_4076508228129042259_n-819x1024.jpg\" alt=\"\" class=\"wp-image-93\" srcset=\"https:\/\/www.ocubertoderoberta.com\/wp-content\/uploads\/2022\/08\/282095991_428365755293085_4076508228129042259_n-819x1024.jpg 819w, https:\/\/www.ocubertoderoberta.com\/wp-content\/uploads\/2022\/08\/282095991_428365755293085_4076508228129042259_n-240x300.jpg 240w, https:\/\/www.ocubertoderoberta.com\/wp-content\/uploads\/2022\/08\/282095991_428365755293085_4076508228129042259_n-768x960.jpg 768w, https:\/\/www.ocubertoderoberta.com\/wp-content\/uploads\/2022\/08\/282095991_428365755293085_4076508228129042259_n.jpg 1080w\" sizes=\"(max-width: 819px) 100vw, 819px\" \/><\/figure>\n<\/div>\n<\/div>\n<\/div><\/div>\n\n\n\n<div class=\"wp-block-group alignfull has-black-background-color has-background is-layout-flow\"><div class=\"wp-block-group__inner-container\">\n<figure class=\"wp-block-gallery aligncenter has-nested-images columns-default is-cropped wp-block-gallery-16 is-layout-flex\">\n<figure class=\"wp-block-image size-large\"><img decoding=\"async\" loading=\"lazy\" width=\"1024\" height=\"768\" src=\"\/\/localhost:8000\/wp-content\/uploads\/2022\/07\/1-1024x768.jpg\" alt=\"\" class=\"wp-image-44\" srcset=\"https:\/\/www.ocubertoderoberta.com\/wp-content\/uploads\/2022\/07\/1-1024x768.jpg 1024w, https:\/\/www.ocubertoderoberta.com\/wp-content\/uploads\/2022\/07\/1-300x225.jpg 300w, https:\/\/www.ocubertoderoberta.com\/wp-content\/uploads\/2022\/07\/1-768x576.jpg 768w, https:\/\/www.ocubertoderoberta.com\/wp-content\/uploads\/2022\/07\/1.jpg 1200w\" sizes=\"(max-width: 1024px) 100vw, 1024px\" \/><\/figure>\n\n\n\n<figure class=\"wp-block-image size-full\"><img decoding=\"async\" loading=\"lazy\" width=\"675\" height=\"900\" src=\"\/\/localhost:8000\/wp-content\/uploads\/2022\/07\/17.jpg\" alt=\"\" class=\"wp-image-45\" srcset=\"https:\/\/www.ocubertoderoberta.com\/wp-content\/uploads\/2022\/07\/17.jpg 675w, https:\/\/www.ocubertoderoberta.com\/wp-content\/uploads\/2022\/07\/17-225x300.jpg 225w\" sizes=\"(max-width: 675px) 100vw, 675px\" \/><\/figure>\n\n\n\n<figure class=\"wp-block-image size-large\"><img decoding=\"async\" loading=\"lazy\" width=\"1024\" height=\"768\" src=\"\/\/localhost:8000\/wp-content\/uploads\/2022\/07\/14-1024x768.jpg\" alt=\"\" class=\"wp-image-46\" srcset=\"https:\/\/www.ocubertoderoberta.com\/wp-content\/uploads\/2022\/07\/14-1024x768.jpg 1024w, https:\/\/www.ocubertoderoberta.com\/wp-content\/uploads\/2022\/07\/14-300x225.jpg 300w, https:\/\/www.ocubertoderoberta.com\/wp-content\/uploads\/2022\/07\/14-768x576.jpg 768w, https:\/\/www.ocubertoderoberta.com\/wp-content\/uploads\/2022\/07\/14.jpg 1200w\" sizes=\"(max-width: 1024px) 100vw, 1024px\" \/><\/figure>\n\n\n\n<figure class=\"wp-block-image size-large\"><img decoding=\"async\" loading=\"lazy\" width=\"1024\" height=\"768\" src=\"\/\/localhost:8000\/wp-content\/uploads\/2022\/07\/16-1024x768.jpg\" alt=\"\" class=\"wp-image-47\" srcset=\"https:\/\/www.ocubertoderoberta.com\/wp-content\/uploads\/2022\/07\/16-1024x768.jpg 1024w, https:\/\/www.ocubertoderoberta.com\/wp-content\/uploads\/2022\/07\/16-300x225.jpg 300w, https:\/\/www.ocubertoderoberta.com\/wp-content\/uploads\/2022\/07\/16-768x576.jpg 768w, https:\/\/www.ocubertoderoberta.com\/wp-content\/uploads\/2022\/07\/16.jpg 1200w\" sizes=\"(max-width: 1024px) 100vw, 1024px\" \/><\/figure>\n\n\n\n<figure class=\"wp-block-image size-large\"><img decoding=\"async\" loading=\"lazy\" width=\"1024\" height=\"768\" src=\"\/\/localhost:8000\/wp-content\/uploads\/2022\/07\/3-1024x768.jpg\" alt=\"\" class=\"wp-image-48\" srcset=\"https:\/\/www.ocubertoderoberta.com\/wp-content\/uploads\/2022\/07\/3-1024x768.jpg 1024w, https:\/\/www.ocubertoderoberta.com\/wp-content\/uploads\/2022\/07\/3-300x225.jpg 300w, https:\/\/www.ocubertoderoberta.com\/wp-content\/uploads\/2022\/07\/3-768x576.jpg 768w, https:\/\/www.ocubertoderoberta.com\/wp-content\/uploads\/2022\/07\/3.jpg 1200w\" sizes=\"(max-width: 1024px) 100vw, 1024px\" \/><\/figure>\n\n\n\n<figure class=\"wp-block-image size-large\"><img decoding=\"async\" loading=\"lazy\" width=\"1024\" height=\"768\" src=\"\/\/localhost:8000\/wp-content\/uploads\/2022\/07\/4-1024x768.jpg\" alt=\"\" class=\"wp-image-49\" srcset=\"https:\/\/www.ocubertoderoberta.com\/wp-content\/uploads\/2022\/07\/4-1024x768.jpg 1024w, https:\/\/www.ocubertoderoberta.com\/wp-content\/uploads\/2022\/07\/4-300x225.jpg 300w, https:\/\/www.ocubertoderoberta.com\/wp-content\/uploads\/2022\/07\/4-768x576.jpg 768w, https:\/\/www.ocubertoderoberta.com\/wp-content\/uploads\/2022\/07\/4.jpg 1200w\" sizes=\"(max-width: 1024px) 100vw, 1024px\" \/><\/figure>\n<\/figure>\n<\/div><\/div>\n\n\n\n<figure class=\"booking-award wp-block-image aligncenter size-large is-resized\"><img decoding=\"async\" loading=\"lazy\" src=\"https:\/\/www.ocubertoderoberta.com\/wp-content\/uploads\/2025\/02\/2024-booking-o-cuberto.png\" alt=\"\" class=\"wp-image-262\" width=\"387\" height=\"387\"\/><\/figure>\n\n\n\n<div class=\"wp-block-cover alignfull is-position-center-center\" style=\"min-height:375px\"><span aria-hidden=\"true\" class=\"wp-block-cover__background has-black-background-color has-background-dim-40 has-background-dim\"><\/span><div class=\"wp-block-cover__inner-container\">\n<div class=\"wp-block-buttons is-horizontal is-content-justification-center is-layout-flex wp-container-19\">\n<div class=\"wp-block-button is-style-outline\"><a class=\"wp-block-button__link has-white-color has-text-color wp-element-button\" href=\"\/\/www.ocubertoderoberta.com\/?page_id=9\">Reservas<\/a><\/div>\n<\/div>\n<\/div><\/div>\n","protected":false},"excerpt":{"rendered":"<p>Podr\u00e1s recorrer el pueblo de O Pindo, muy acogedor y lleno de fant\u00e1sticas playas y rincones. A apenas un par de kil\u00f3metros de O \u00c9zaro, donde podr\u00e1s acceder a su cascada o a su fant\u00e1stica playa &#8230; Explora nuestros apartamentos con sus fant\u00e1sticas vistas y ubicaci\u00f3n y con todos los servicios que necesitas Disfruta de &hellip; <\/p>\n<p class=\"link-more\"><a href=\"https:\/\/www.ocubertoderoberta.com\/\" class=\"more-link\">Leer m\u00e1s<span class=\"screen-reader-text\"> \u00abDisfruta de nuestras vistas al mar y nuestra fant\u00e1stica ubicaci\u00f3n\u00bb<\/span><\/a><\/p>\n","protected":false},"author":1,"featured_media":0,"parent":0,"menu_order":0,"comment_status":"closed","ping_status":"closed","template":"","meta":{"_monsterinsights_skip_tracking":false,"_monsterinsights_sitenote_active":false,"_monsterinsights_sitenote_note":"","_monsterinsights_sitenote_category":0},"_links":{"self":[{"href":"https:\/\/www.ocubertoderoberta.com\/index.php?rest_route=\/wp\/v2\/pages\/7"}],"collection":[{"href":"https:\/\/www.ocubertoderoberta.com\/index.php?rest_route=\/wp\/v2\/pages"}],"about":[{"href":"https:\/\/www.ocubertoderoberta.com\/index.php?rest_route=\/wp\/v2\/types\/page"}],"author":[{"embeddable":true,"href":"https:\/\/www.ocubertoderoberta.com\/index.php?rest_route=\/wp\/v2\/users\/1"}],"replies":[{"embeddable":true,"href":"https:\/\/www.ocubertoderoberta.com\/index.php?rest_route=%2Fwp%2Fv2%2Fcomments&post=7"}],"version-history":[{"count":42,"href":"https:\/\/www.ocubertoderoberta.com\/index.php?rest_route=\/wp\/v2\/pages\/7\/revisions"}],"predecessor-version":[{"id":303,"href":"https:\/\/www.ocubertoderoberta.com\/index.php?rest_route=\/wp\/v2\/pages\/7\/revisions\/303"}],"wp:attachment":[{"href":"https:\/\/www.ocubertoderoberta.com\/index.php?rest_route=%2Fwp%2Fv2%2Fmedia&parent=7"}],"curies":[{"name":"wp","href":"https:\/\/api.w.org\/{rel}","templated":true}]}}