{"id":8,"date":"2022-07-16T15:50:27","date_gmt":"2022-07-16T15:50:27","guid":{"rendered":"\/\/localhost:8000\/?page_id=8"},"modified":"2022-08-06T15:58:56","modified_gmt":"2022-08-06T14:58:56","slug":"acerca-de","status":"publish","type":"page","link":"https:\/\/www.ocubertoderoberta.com\/?page_id=8","title":{"rendered":"Apartamentos"},"content":{"rendered":"\n<h2 class=\"has-large-font-size wp-block-heading\" id=\"inspiro-is-a-digital-product-agency-that-focuses-on-strategy-and-design\" style=\"font-style:normal;font-weight:100\">O Cuberto de Roberta<\/h2>\n\n\n\n<p>Consta de 2 apartamentos independientes, totalmente equipados, con capacidades para 2-3 personas y para 2-4 personas.<\/p>\n\n\n\n<p>Dos ambientes similares pero distintos, donde hemos tratado de esforzarnos al m\u00e1ximo para que todas las personas que nos visiten quieran volver.<\/p>\n\n\n\n<p>Si ven\u00eds en familia, os facilitamos todo para que est\u00e9is c\u00f3modos y como casa durante vuestra estancia.<\/p>\n\n\n\n<p>\u00a1Os esperamos!<\/p>\n\n\n\n<figure class=\"wp-block-gallery has-nested-images columns-default is-cropped wp-block-gallery-1 is-layout-flex\">\n<figure class=\"wp-block-image size-large\"><img decoding=\"async\" loading=\"lazy\" width=\"1200\" height=\"900\" data-id=\"48\"  src=\"\/\/192.168.1.100:8000\/wp-content\/uploads\/2022\/07\/3.jpg\" alt=\"\" class=\"wp-image-48\" srcset=\"https:\/\/www.ocubertoderoberta.com\/wp-content\/uploads\/2022\/07\/3.jpg 1200w, https:\/\/www.ocubertoderoberta.com\/wp-content\/uploads\/2022\/07\/3-300x225.jpg 300w, https:\/\/www.ocubertoderoberta.com\/wp-content\/uploads\/2022\/07\/3-1024x768.jpg 1024w, https:\/\/www.ocubertoderoberta.com\/wp-content\/uploads\/2022\/07\/3-768x576.jpg 768w\" sizes=\"(max-width: 1200px) 100vw, 1200px\" \/><\/figure>\n\n\n\n<figure class=\"wp-block-image size-large\"><img decoding=\"async\" loading=\"lazy\" width=\"1200\" height=\"900\" data-id=\"49\"  src=\"\/\/192.168.1.100:8000\/wp-content\/uploads\/2022\/07\/4.jpg\" alt=\"\" class=\"wp-image-49\" srcset=\"https:\/\/www.ocubertoderoberta.com\/wp-content\/uploads\/2022\/07\/4.jpg 1200w, https:\/\/www.ocubertoderoberta.com\/wp-content\/uploads\/2022\/07\/4-300x225.jpg 300w, https:\/\/www.ocubertoderoberta.com\/wp-content\/uploads\/2022\/07\/4-1024x768.jpg 1024w, https:\/\/www.ocubertoderoberta.com\/wp-content\/uploads\/2022\/07\/4-768x576.jpg 768w\" sizes=\"(max-width: 1200px) 100vw, 1200px\" \/><\/figure>\n\n\n\n<figure class=\"wp-block-image size-large\"><img decoding=\"async\" loading=\"lazy\" width=\"1200\" height=\"900\" data-id=\"47\"  src=\"\/\/192.168.1.100:8000\/wp-content\/uploads\/2022\/07\/16.jpg\" alt=\"\" class=\"wp-image-47\" srcset=\"https:\/\/www.ocubertoderoberta.com\/wp-content\/uploads\/2022\/07\/16.jpg 1200w, https:\/\/www.ocubertoderoberta.com\/wp-content\/uploads\/2022\/07\/16-300x225.jpg 300w, https:\/\/www.ocubertoderoberta.com\/wp-content\/uploads\/2022\/07\/16-1024x768.jpg 1024w, https:\/\/www.ocubertoderoberta.com\/wp-content\/uploads\/2022\/07\/16-768x576.jpg 768w\" sizes=\"(max-width: 1200px) 100vw, 1200px\" \/><\/figure>\n\n\n\n<figure class=\"wp-block-image size-large\"><img decoding=\"async\" loading=\"lazy\" width=\"819\" height=\"1024\" data-id=\"99\"  src=\"\/\/192.168.1.100:8000\/wp-content\/uploads\/2022\/08\/280102806_115640824467679_363176141432048550_n-819x1024.jpg\" alt=\"\" class=\"wp-image-99\" srcset=\"https:\/\/www.ocubertoderoberta.com\/wp-content\/uploads\/2022\/08\/280102806_115640824467679_363176141432048550_n-819x1024.jpg 819w, https:\/\/www.ocubertoderoberta.com\/wp-content\/uploads\/2022\/08\/280102806_115640824467679_363176141432048550_n-240x300.jpg 240w, https:\/\/www.ocubertoderoberta.com\/wp-content\/uploads\/2022\/08\/280102806_115640824467679_363176141432048550_n-768x960.jpg 768w, https:\/\/www.ocubertoderoberta.com\/wp-content\/uploads\/2022\/08\/280102806_115640824467679_363176141432048550_n.jpg 1080w\" sizes=\"(max-width: 819px) 100vw, 819px\" \/><\/figure>\n\n\n\n<figure class=\"wp-block-image size-large\"><img decoding=\"async\" loading=\"lazy\" width=\"675\" height=\"900\" data-id=\"45\"  src=\"\/\/192.168.1.100:8000\/wp-content\/uploads\/2022\/07\/17.jpg\" alt=\"\" class=\"wp-image-45\" srcset=\"https:\/\/www.ocubertoderoberta.com\/wp-content\/uploads\/2022\/07\/17.jpg 675w, https:\/\/www.ocubertoderoberta.com\/wp-content\/uploads\/2022\/07\/17-225x300.jpg 225w\" sizes=\"(max-width: 675px) 100vw, 675px\" \/><\/figure>\n\n\n\n<figure class=\"wp-block-image size-large\"><img decoding=\"async\" loading=\"lazy\" width=\"1200\" height=\"900\" data-id=\"44\"  src=\"\/\/192.168.1.100:8000\/wp-content\/uploads\/2022\/07\/1.jpg\" alt=\"\" class=\"wp-image-44\" srcset=\"https:\/\/www.ocubertoderoberta.com\/wp-content\/uploads\/2022\/07\/1.jpg 1200w, https:\/\/www.ocubertoderoberta.com\/wp-content\/uploads\/2022\/07\/1-300x225.jpg 300w, https:\/\/www.ocubertoderoberta.com\/wp-content\/uploads\/2022\/07\/1-1024x768.jpg 1024w, https:\/\/www.ocubertoderoberta.com\/wp-content\/uploads\/2022\/07\/1-768x576.jpg 768w\" sizes=\"(max-width: 1200px) 100vw, 1200px\" \/><\/figure>\n\n\n\n<figure class=\"wp-block-image size-large\"><img decoding=\"async\" loading=\"lazy\" width=\"1200\" height=\"900\" data-id=\"39\"  src=\"\/\/192.168.1.100:8000\/wp-content\/uploads\/2022\/07\/352610668.jpg\" alt=\"\" class=\"wp-image-39\" srcset=\"https:\/\/www.ocubertoderoberta.com\/wp-content\/uploads\/2022\/07\/352610668.jpg 1200w, https:\/\/www.ocubertoderoberta.com\/wp-content\/uploads\/2022\/07\/352610668-300x225.jpg 300w, https:\/\/www.ocubertoderoberta.com\/wp-content\/uploads\/2022\/07\/352610668-1024x768.jpg 1024w, https:\/\/www.ocubertoderoberta.com\/wp-content\/uploads\/2022\/07\/352610668-768x576.jpg 768w\" sizes=\"(max-width: 1200px) 100vw, 1200px\" \/><\/figure>\n\n\n\n<figure class=\"wp-block-image size-large\"><img decoding=\"async\" loading=\"lazy\" width=\"1200\" height=\"900\" data-id=\"38\"  src=\"\/\/192.168.1.100:8000\/wp-content\/uploads\/2022\/07\/352608074.jpg\" alt=\"\" class=\"wp-image-38\" srcset=\"https:\/\/www.ocubertoderoberta.com\/wp-content\/uploads\/2022\/07\/352608074.jpg 1200w, https:\/\/www.ocubertoderoberta.com\/wp-content\/uploads\/2022\/07\/352608074-300x225.jpg 300w, https:\/\/www.ocubertoderoberta.com\/wp-content\/uploads\/2022\/07\/352608074-1024x768.jpg 1024w, https:\/\/www.ocubertoderoberta.com\/wp-content\/uploads\/2022\/07\/352608074-768x576.jpg 768w\" sizes=\"(max-width: 1200px) 100vw, 1200px\" \/><\/figure>\n\n\n\n<figure class=\"wp-block-image size-large\"><img decoding=\"async\" loading=\"lazy\" width=\"2000\" height=\"1315\" data-id=\"35\"  src=\"\/\/192.168.1.100:8000\/wp-content\/uploads\/2022\/07\/cropped-357813989.jpg\" alt=\"\" class=\"wp-image-35\" srcset=\"https:\/\/www.ocubertoderoberta.com\/wp-content\/uploads\/2022\/07\/cropped-357813989.jpg 2000w, https:\/\/www.ocubertoderoberta.com\/wp-content\/uploads\/2022\/07\/cropped-357813989-300x197.jpg 300w, https:\/\/www.ocubertoderoberta.com\/wp-content\/uploads\/2022\/07\/cropped-357813989-1024x673.jpg 1024w, https:\/\/www.ocubertoderoberta.com\/wp-content\/uploads\/2022\/07\/cropped-357813989-768x505.jpg 768w, https:\/\/www.ocubertoderoberta.com\/wp-content\/uploads\/2022\/07\/cropped-357813989-1536x1010.jpg 1536w\" sizes=\"(max-width: 2000px) 100vw, 2000px\" \/><\/figure>\n\n\n\n<figure class=\"wp-block-image size-large\"><img decoding=\"async\" loading=\"lazy\" width=\"675\" height=\"900\" data-id=\"34\"  src=\"\/\/192.168.1.100:8000\/wp-content\/uploads\/2022\/07\/357813989.jpg\" alt=\"\" class=\"wp-image-34\" srcset=\"https:\/\/www.ocubertoderoberta.com\/wp-content\/uploads\/2022\/07\/357813989.jpg 675w, https:\/\/www.ocubertoderoberta.com\/wp-content\/uploads\/2022\/07\/357813989-225x300.jpg 225w\" sizes=\"(max-width: 675px) 100vw, 675px\" \/><\/figure>\n<\/figure>\n\n\n\n<figure class=\"wp-block-gallery has-nested-images columns-default is-cropped wp-block-gallery-3 is-layout-flex\"><\/figure>\n\n\n\n<figure class=\"wp-block-gallery has-nested-images columns-default is-cropped wp-block-gallery-5 is-layout-flex\">\n<figure class=\"wp-block-image size-large\"><img decoding=\"async\" loading=\"lazy\" width=\"819\" height=\"1024\" data-id=\"97\"  src=\"\/\/192.168.1.100:8000\/wp-content\/uploads\/2022\/08\/278234779_2031054180437123_7823685557862823301_n-819x1024.jpg\" alt=\"\" class=\"wp-image-97\" srcset=\"https:\/\/www.ocubertoderoberta.com\/wp-content\/uploads\/2022\/08\/278234779_2031054180437123_7823685557862823301_n-819x1024.jpg 819w, https:\/\/www.ocubertoderoberta.com\/wp-content\/uploads\/2022\/08\/278234779_2031054180437123_7823685557862823301_n-240x300.jpg 240w, https:\/\/www.ocubertoderoberta.com\/wp-content\/uploads\/2022\/08\/278234779_2031054180437123_7823685557862823301_n-768x960.jpg 768w, https:\/\/www.ocubertoderoberta.com\/wp-content\/uploads\/2022\/08\/278234779_2031054180437123_7823685557862823301_n.jpg 1080w\" sizes=\"(max-width: 819px) 100vw, 819px\" \/><\/figure>\n\n\n\n<figure class=\"wp-block-image size-large\"><img decoding=\"async\" loading=\"lazy\" width=\"576\" height=\"576\" data-id=\"96\"  src=\"\/\/192.168.1.100:8000\/wp-content\/uploads\/2022\/08\/278016372_1217750962384917_8700029688164693493_n.jpg\" alt=\"\" class=\"wp-image-96\" srcset=\"https:\/\/www.ocubertoderoberta.com\/wp-content\/uploads\/2022\/08\/278016372_1217750962384917_8700029688164693493_n.jpg 576w, https:\/\/www.ocubertoderoberta.com\/wp-content\/uploads\/2022\/08\/278016372_1217750962384917_8700029688164693493_n-300x300.jpg 300w, https:\/\/www.ocubertoderoberta.com\/wp-content\/uploads\/2022\/08\/278016372_1217750962384917_8700029688164693493_n-150x150.jpg 150w\" sizes=\"(max-width: 576px) 100vw, 576px\" \/><\/figure>\n<\/figure>\n\n\n\n<figure class=\"wp-block-image size-large\"><img decoding=\"async\" loading=\"lazy\" width=\"1024\" height=\"950\" src=\"\/\/192.168.1.100:8000\/wp-content\/uploads\/2022\/08\/279204696_247510454224705_4555754648799839991_n-1024x950.jpg\" alt=\"\" class=\"wp-image-98\" srcset=\"https:\/\/www.ocubertoderoberta.com\/wp-content\/uploads\/2022\/08\/279204696_247510454224705_4555754648799839991_n-1024x950.jpg 1024w, https:\/\/www.ocubertoderoberta.com\/wp-content\/uploads\/2022\/08\/279204696_247510454224705_4555754648799839991_n-300x278.jpg 300w, https:\/\/www.ocubertoderoberta.com\/wp-content\/uploads\/2022\/08\/279204696_247510454224705_4555754648799839991_n-768x713.jpg 768w, https:\/\/www.ocubertoderoberta.com\/wp-content\/uploads\/2022\/08\/279204696_247510454224705_4555754648799839991_n.jpg 1080w\" sizes=\"(max-width: 1024px) 100vw, 1024px\" \/><\/figure>\n\n\n\n<figure class=\"wp-block-gallery has-nested-images columns-default is-cropped wp-block-gallery-7 is-layout-flex\">\n<figure class=\"wp-block-image size-large\"><img decoding=\"async\" loading=\"lazy\" width=\"1024\" height=\"772\" data-id=\"100\"  src=\"\/\/192.168.1.100:8000\/wp-content\/uploads\/2022\/08\/294428574_489490452986132_3905586707832724621_n-1-1024x772.jpg\" alt=\"\" class=\"wp-image-100\" srcset=\"https:\/\/www.ocubertoderoberta.com\/wp-content\/uploads\/2022\/08\/294428574_489490452986132_3905586707832724621_n-1-1024x772.jpg 1024w, https:\/\/www.ocubertoderoberta.com\/wp-content\/uploads\/2022\/08\/294428574_489490452986132_3905586707832724621_n-1-300x226.jpg 300w, https:\/\/www.ocubertoderoberta.com\/wp-content\/uploads\/2022\/08\/294428574_489490452986132_3905586707832724621_n-1-768x579.jpg 768w, https:\/\/www.ocubertoderoberta.com\/wp-content\/uploads\/2022\/08\/294428574_489490452986132_3905586707832724621_n-1.jpg 1080w\" sizes=\"(max-width: 1024px) 100vw, 1024px\" \/><\/figure>\n\n\n\n<figure class=\"wp-block-image size-large\"><img decoding=\"async\" loading=\"lazy\" width=\"1024\" height=\"772\" data-id=\"108\"  src=\"\/\/192.168.1.100:8000\/wp-content\/uploads\/2022\/08\/294678802_2303078889859250_2504446069106292189_n-1-2-1024x772.jpg\" alt=\"\" class=\"wp-image-108\" srcset=\"https:\/\/www.ocubertoderoberta.com\/wp-content\/uploads\/2022\/08\/294678802_2303078889859250_2504446069106292189_n-1-2-1024x772.jpg 1024w, https:\/\/www.ocubertoderoberta.com\/wp-content\/uploads\/2022\/08\/294678802_2303078889859250_2504446069106292189_n-1-2-300x226.jpg 300w, https:\/\/www.ocubertoderoberta.com\/wp-content\/uploads\/2022\/08\/294678802_2303078889859250_2504446069106292189_n-1-2-768x579.jpg 768w, https:\/\/www.ocubertoderoberta.com\/wp-content\/uploads\/2022\/08\/294678802_2303078889859250_2504446069106292189_n-1-2.jpg 1080w\" sizes=\"(max-width: 1024px) 100vw, 1024px\" \/><\/figure>\n\n\n\n<figure class=\"wp-block-image size-large\"><img decoding=\"async\" loading=\"lazy\" width=\"1024\" height=\"768\" data-id=\"107\"  src=\"\/\/192.168.1.100:8000\/wp-content\/uploads\/2022\/08\/294796166_1195236954605428_6888104671789148112_n-1-1024x768.jpg\" alt=\"\" class=\"wp-image-107\" srcset=\"https:\/\/www.ocubertoderoberta.com\/wp-content\/uploads\/2022\/08\/294796166_1195236954605428_6888104671789148112_n-1-1024x768.jpg 1024w, https:\/\/www.ocubertoderoberta.com\/wp-content\/uploads\/2022\/08\/294796166_1195236954605428_6888104671789148112_n-1-300x225.jpg 300w, https:\/\/www.ocubertoderoberta.com\/wp-content\/uploads\/2022\/08\/294796166_1195236954605428_6888104671789148112_n-1-768x576.jpg 768w, https:\/\/www.ocubertoderoberta.com\/wp-content\/uploads\/2022\/08\/294796166_1195236954605428_6888104671789148112_n-1.jpg 1080w\" sizes=\"(max-width: 1024px) 100vw, 1024px\" \/><\/figure>\n<\/figure>\n\n\n\n<figure class=\"wp-block-gallery has-nested-images columns-default is-cropped wp-block-gallery-9 is-layout-flex\">\n<figure class=\"wp-block-image size-large\"><img decoding=\"async\" loading=\"lazy\" width=\"2048\" height=\"1536\" data-id=\"166\"  src=\"\/\/josuku.no-ip.info\/wp-content\/uploads\/2022\/08\/IMG-20220806-WA0025.jpg\" alt=\"\" class=\"wp-image-166\" srcset=\"https:\/\/www.ocubertoderoberta.com\/wp-content\/uploads\/2022\/08\/IMG-20220806-WA0025.jpg 2048w, https:\/\/www.ocubertoderoberta.com\/wp-content\/uploads\/2022\/08\/IMG-20220806-WA0025-300x225.jpg 300w, https:\/\/www.ocubertoderoberta.com\/wp-content\/uploads\/2022\/08\/IMG-20220806-WA0025-1024x768.jpg 1024w, https:\/\/www.ocubertoderoberta.com\/wp-content\/uploads\/2022\/08\/IMG-20220806-WA0025-768x576.jpg 768w, https:\/\/www.ocubertoderoberta.com\/wp-content\/uploads\/2022\/08\/IMG-20220806-WA0025-1536x1152.jpg 1536w, https:\/\/www.ocubertoderoberta.com\/wp-content\/uploads\/2022\/08\/IMG-20220806-WA0025-2000x1500.jpg 2000w\" sizes=\"(max-width: 2048px) 100vw, 2048px\" \/><\/figure>\n\n\n\n<figure class=\"wp-block-image size-large\"><img decoding=\"async\" loading=\"lazy\" width=\"1599\" height=\"1200\" data-id=\"165\"  src=\"\/\/josuku.no-ip.info\/wp-content\/uploads\/2022\/08\/IMG-20220806-WA0023.jpg\" alt=\"\" class=\"wp-image-165\" srcset=\"https:\/\/www.ocubertoderoberta.com\/wp-content\/uploads\/2022\/08\/IMG-20220806-WA0023.jpg 1599w, https:\/\/www.ocubertoderoberta.com\/wp-content\/uploads\/2022\/08\/IMG-20220806-WA0023-300x225.jpg 300w, https:\/\/www.ocubertoderoberta.com\/wp-content\/uploads\/2022\/08\/IMG-20220806-WA0023-1024x768.jpg 1024w, https:\/\/www.ocubertoderoberta.com\/wp-content\/uploads\/2022\/08\/IMG-20220806-WA0023-768x576.jpg 768w, https:\/\/www.ocubertoderoberta.com\/wp-content\/uploads\/2022\/08\/IMG-20220806-WA0023-1536x1153.jpg 1536w\" sizes=\"(max-width: 1599px) 100vw, 1599px\" \/><\/figure>\n<\/figure>\n\n\n\n<figure class=\"wp-block-gallery has-nested-images columns-default is-cropped wp-block-gallery-11 is-layout-flex\">\n<figure class=\"wp-block-image size-large\"><img decoding=\"async\" loading=\"lazy\" width=\"1599\" height=\"1200\" data-id=\"160\"  src=\"\/\/josuku.no-ip.info\/wp-content\/uploads\/2022\/08\/IMG-20220806-WA0017.jpg\" alt=\"\" class=\"wp-image-160\" srcset=\"https:\/\/www.ocubertoderoberta.com\/wp-content\/uploads\/2022\/08\/IMG-20220806-WA0017.jpg 1599w, https:\/\/www.ocubertoderoberta.com\/wp-content\/uploads\/2022\/08\/IMG-20220806-WA0017-300x225.jpg 300w, https:\/\/www.ocubertoderoberta.com\/wp-content\/uploads\/2022\/08\/IMG-20220806-WA0017-1024x768.jpg 1024w, https:\/\/www.ocubertoderoberta.com\/wp-content\/uploads\/2022\/08\/IMG-20220806-WA0017-768x576.jpg 768w, https:\/\/www.ocubertoderoberta.com\/wp-content\/uploads\/2022\/08\/IMG-20220806-WA0017-1536x1153.jpg 1536w\" sizes=\"(max-width: 1599px) 100vw, 1599px\" \/><\/figure>\n<\/figure>\n\n\n\n<div class=\"wp-block-columns is-layout-flex wp-container-15\">\n<div class=\"wp-block-column is-layout-flow\">\n<figure class=\"wp-block-embed is-type-video is-provider-vimeo wp-block-embed-vimeo wp-embed-aspect-9-16 wp-has-aspect-ratio\"><div class=\"wp-block-embed__wrapper\">\n<iframe loading=\"lazy\" title=\"ocuberto1\" src=\"https:\/\/player.vimeo.com\/video\/736561425?h=13b6b9dcf4&amp;dnt=1&amp;app_id=122963\" width=\"563\" height=\"1000\" frameborder=\"0\" allow=\"autoplay; fullscreen; picture-in-picture\" allowfullscreen><\/iframe>\n<\/div><\/figure>\n<\/div>\n\n\n\n<div class=\"wp-block-column is-layout-flow\">\n<figure class=\"wp-block-embed is-type-video is-provider-vimeo wp-block-embed-vimeo wp-embed-aspect-9-16 wp-has-aspect-ratio\"><div class=\"wp-block-embed__wrapper\">\n<iframe loading=\"lazy\" title=\"ocuberto2\" src=\"https:\/\/player.vimeo.com\/video\/736562686?h=b62348279c&amp;dnt=1&amp;app_id=122963\" width=\"563\" height=\"1000\" frameborder=\"0\" allow=\"autoplay; fullscreen; picture-in-picture\" allowfullscreen><\/iframe>\n<\/div><\/figure>\n<\/div>\n<\/div>\n\n\n\n<figure class=\"wp-block-embed is-type-video is-provider-vimeo wp-block-embed-vimeo wp-embed-aspect-16-9 wp-has-aspect-ratio\"><div class=\"wp-block-embed__wrapper\">\n<iframe loading=\"lazy\" title=\"ocuberto5\" src=\"https:\/\/player.vimeo.com\/video\/737127429?h=ddc4d4cf7d&amp;dnt=1&amp;app_id=122963\" width=\"640\" height=\"352\" frameborder=\"0\" allow=\"autoplay; fullscreen; picture-in-picture\" allowfullscreen><\/iframe>\n<\/div><\/figure>\n","protected":false},"excerpt":{"rendered":"<p>O Cuberto de Roberta Consta de 2 apartamentos independientes, totalmente equipados, con capacidades para 2-3 personas y para 2-4 personas. Dos ambientes similares pero distintos, donde hemos tratado de esforzarnos al m\u00e1ximo para que todas las personas que nos visiten quieran volver. Si ven\u00eds en familia, os facilitamos todo para que est\u00e9is c\u00f3modos y como &hellip; <\/p>\n<p class=\"link-more\"><a href=\"https:\/\/www.ocubertoderoberta.com\/?page_id=8\" class=\"more-link\">Leer m\u00e1s<span class=\"screen-reader-text\"> \u00abApartamentos\u00bb<\/span><\/a><\/p>\n","protected":false},"author":1,"featured_media":113,"parent":0,"menu_order":0,"comment_status":"closed","ping_status":"closed","template":"","meta":{"_monsterinsights_skip_tracking":false,"_monsterinsights_sitenote_active":false,"_monsterinsights_sitenote_note":"","_monsterinsights_sitenote_category":0},"_links":{"self":[{"href":"https:\/\/www.ocubertoderoberta.com\/index.php?rest_route=\/wp\/v2\/pages\/8"}],"collection":[{"href":"https:\/\/www.ocubertoderoberta.com\/index.php?rest_route=\/wp\/v2\/pages"}],"about":[{"href":"https:\/\/www.ocubertoderoberta.com\/index.php?rest_route=\/wp\/v2\/types\/page"}],"author":[{"embeddable":true,"href":"https:\/\/www.ocubertoderoberta.com\/index.php?rest_route=\/wp\/v2\/users\/1"}],"replies":[{"embeddable":true,"href":"https:\/\/www.ocubertoderoberta.com\/index.php?rest_route=%2Fwp%2Fv2%2Fcomments&post=8"}],"version-history":[{"count":19,"href":"https:\/\/www.ocubertoderoberta.com\/index.php?rest_route=\/wp\/v2\/pages\/8\/revisions"}],"predecessor-version":[{"id":172,"href":"https:\/\/www.ocubertoderoberta.com\/index.php?rest_route=\/wp\/v2\/pages\/8\/revisions\/172"}],"wp:featuredmedia":[{"embeddable":true,"href":"https:\/\/www.ocubertoderoberta.com\/index.php?rest_route=\/wp\/v2\/media\/113"}],"wp:attachment":[{"href":"https:\/\/www.ocubertoderoberta.com\/index.php?rest_route=%2Fwp%2Fv2%2Fmedia&parent=8"}],"curies":[{"name":"wp","href":"https:\/\/api.w.org\/{rel}","templated":true}]}}